{"id":93,"date":"2013-05-07T05:51:34","date_gmt":"2013-05-07T05:51:34","guid":{"rendered":"http:\/\/gradadigital.com\/home\/?page_id=93"},"modified":"2016-01-30T23:43:28","modified_gmt":"2016-01-31T04:13:28","slug":"campeones-2000","status":"publish","type":"page","link":"http:\/\/gradadigital.com\/home\/futbol-nacional\/primera-division\/historia-1era-division\/campeones-2000\/","title":{"rendered":"Campeones: 2000 &#8211; &#8230;"},"content":{"rendered":"<p><img decoding=\"async\" class=\"aligncenter\" src=\"http:\/\/www.gradadigital.com\/tops_minipaginas\/campeones_nacionales_1era.png\" alt=\"\" border=\"0\" \/><\/p>\n<p style=\"text-align: center;\"><a href=\"http:\/\/gradadigital.com\/home\/futbol-nacional\/primera-division\/historia-1era-division\/campeones-1957-1979\/\">1957-1979<\/a> | <a href=\"http:\/\/gradadigital.com\/home\/futbol-nacional\/primera-division\/historia-1era-division\/campeones-1980-1999\/\">1980-1999<\/a> | <a href=\"http:\/\/gradadigital.com\/home\/futbol-nacional\/primera-division\/historia-1era-division\/campeones-2000\/\">2000-&#8230;<\/a><\/p>\n<table border=\"0\" width=\"100%\" cellpadding=\"0\">\n<tbody>\n<tr>\n<td>\u00a0<img decoding=\"async\" class=\"aligncenter\" src=\"http:\/\/www.gradadigital.com\/campeones_GD\/deptachira_4_gd.png\" alt=\"\" border=\"0\" \/><\/td>\n<td width=\"306\">\n<table border=\"0\" cellspacing=\"0\" cellpadding=\"0\">\n<tbody>\n<tr>\n<td valign=\"top\" width=\"150\">\n<p align=\"center\"><strong>1999-00<\/strong><\/p>\n<\/td>\n<td width=\"151\"><\/td>\n<\/tr>\n<tr>\n<td valign=\"top\" width=\"150\"><strong>Campe\u00f3n:<\/strong><\/td>\n<td valign=\"top\" width=\"151\">Deportivo T\u00e1chira<\/td>\n<\/tr>\n<tr>\n<td valign=\"top\" width=\"150\"><strong>Subcampe\u00f3n:<\/strong><\/td>\n<td valign=\"top\" width=\"151\">Deportivo Italchacao<\/td>\n<\/tr>\n<tr>\n<td valign=\"top\" width=\"150\"><strong>T\u00e9cnico Campe\u00f3n:<\/strong><\/td>\n<td valign=\"top\" width=\"151\">Walter Roque<\/td>\n<\/tr>\n<\/tbody>\n<\/table>\n<\/td>\n<\/tr>\n<\/tbody>\n<\/table>\n<table border=\"0\" width=\"100%\" cellpadding=\"0\">\n<tbody>\n<tr>\n<td>\u00a0<img decoding=\"async\" class=\"aligncenter\" src=\"http:\/\/www.gradadigital.com\/campeones_GD\/caracasfc_2_gd.png\" alt=\"\" border=\"0\" \/><\/td>\n<td width=\"306\">\n<table border=\"0\" cellspacing=\"0\" cellpadding=\"0\">\n<tbody>\n<tr>\n<td valign=\"top\" width=\"150\">\n<p align=\"center\"><strong>Nacional 2001<\/strong><\/p>\n<\/td>\n<td width=\"151\"><\/td>\n<\/tr>\n<tr>\n<td valign=\"top\" width=\"150\"><strong>Campe\u00f3n:<\/strong><\/td>\n<td valign=\"top\" width=\"151\">Caracas FC<\/td>\n<\/tr>\n<tr>\n<td valign=\"top\" width=\"150\"><strong>Subcampe\u00f3n:<\/strong><\/td>\n<td valign=\"top\" width=\"151\">Trujillanos FC<\/td>\n<\/tr>\n<tr>\n<td valign=\"top\" width=\"150\"><strong>T\u00e9cnico Campe\u00f3n:<\/strong><\/td>\n<td valign=\"top\" width=\"151\">Carlos Horacio Moreno<\/td>\n<\/tr>\n<\/tbody>\n<\/table>\n<\/td>\n<\/tr>\n<\/tbody>\n<\/table>\n<table border=\"0\" width=\"100%\" cellpadding=\"0\">\n<tbody>\n<tr>\n<td>\u00a0<img decoding=\"async\" class=\"aligncenter\" src=\"http:\/\/www.gradadigital.com\/campeones_GD\/nacionaltachira_gd.png\" alt=\"\" border=\"0\" \/><\/td>\n<td width=\"306\">\n<table border=\"0\" cellspacing=\"0\" cellpadding=\"0\">\n<tbody>\n<tr>\n<td valign=\"top\" width=\"150\">\n<p align=\"center\"><strong>2001-02<\/strong><\/p>\n<\/td>\n<td width=\"151\"><\/td>\n<\/tr>\n<tr>\n<td valign=\"top\" width=\"150\"><strong>Campe\u00f3n:<\/strong><\/td>\n<td valign=\"top\" width=\"151\">Nacional T\u00e1chira FC<\/td>\n<\/tr>\n<tr>\n<td valign=\"top\" width=\"150\"><strong>Subcampe\u00f3n:<\/strong><\/td>\n<td valign=\"top\" width=\"151\">Estudiantes de M\u00e9rida<\/td>\n<\/tr>\n<tr>\n<td valign=\"top\" width=\"150\"><strong>T\u00e9cnico Campe\u00f3n:<\/strong><\/td>\n<td valign=\"top\" width=\"151\">Carlos Maldonado<\/td>\n<\/tr>\n<\/tbody>\n<\/table>\n<\/td>\n<\/tr>\n<\/tbody>\n<\/table>\n<table border=\"0\" width=\"100%\" cellpadding=\"0\">\n<tbody>\n<tr>\n<td>\u00a0<img decoding=\"async\" class=\"aligncenter\" src=\"http:\/\/www.gradadigital.com\/campeones_GD\/caracasfc_4.png\" alt=\"\" border=\"0\" \/><\/td>\n<td width=\"306\">\n<table border=\"0\" cellspacing=\"0\" cellpadding=\"0\">\n<tbody>\n<tr>\n<td valign=\"top\" width=\"150\">\n<p align=\"center\"><strong>2002-03<\/strong><\/p>\n<\/td>\n<td width=\"151\"><\/td>\n<\/tr>\n<tr>\n<td valign=\"top\" width=\"150\"><strong>Campe\u00f3n:<\/strong><\/td>\n<td valign=\"top\" width=\"151\">Caracas FC<\/td>\n<\/tr>\n<tr>\n<td valign=\"top\" width=\"150\"><strong>Subcampe\u00f3n:<\/strong><\/td>\n<td valign=\"top\" width=\"151\">UA Maracaibo<\/td>\n<\/tr>\n<tr>\n<td valign=\"top\" width=\"150\"><strong>T\u00e9cnico Campe\u00f3n:<\/strong><\/td>\n<td valign=\"top\" width=\"151\">Noel Sanvicente<\/td>\n<\/tr>\n<\/tbody>\n<\/table>\n<\/td>\n<\/tr>\n<\/tbody>\n<\/table>\n<table border=\"0\" width=\"100%\" cellpadding=\"0\">\n<tbody>\n<tr>\n<td>\u00a0<img decoding=\"async\" class=\"aligncenter\" src=\"http:\/\/www.gradadigital.com\/campeones_GD\/caracasfc_5_gd.png\" alt=\"\" border=\"0\" \/><\/td>\n<td width=\"306\">\n<table border=\"0\" cellspacing=\"0\" cellpadding=\"0\">\n<tbody>\n<tr>\n<td valign=\"top\" width=\"150\">\n<p align=\"center\"><strong>2003-04<\/strong><\/p>\n<\/td>\n<td width=\"151\"><\/td>\n<\/tr>\n<tr>\n<td valign=\"top\" width=\"150\"><strong>Campe\u00f3n:<\/strong><\/td>\n<td valign=\"top\" width=\"151\">Caracas FC<\/td>\n<\/tr>\n<tr>\n<td valign=\"top\" width=\"150\"><strong>Subcampe\u00f3n:<\/strong><\/td>\n<td valign=\"top\" width=\"151\">Deportivo T\u00e1chira<\/td>\n<\/tr>\n<tr>\n<td valign=\"top\" width=\"150\"><strong>T\u00e9cnico Campe\u00f3n:<\/strong><\/td>\n<td valign=\"top\" width=\"151\">Noel Sanvicente<\/td>\n<\/tr>\n<\/tbody>\n<\/table>\n<\/td>\n<\/tr>\n<\/tbody>\n<\/table>\n<table border=\"0\" width=\"100%\" cellpadding=\"0\">\n<tbody>\n<tr>\n<td>\u00a0<img decoding=\"async\" class=\"aligncenter\" src=\"http:\/\/www.gradadigital.com\/campeones_GD\/uamaracaibo_gd.png\" alt=\"\" border=\"0\" \/><\/td>\n<td width=\"306\">\n<table border=\"0\" cellspacing=\"0\" cellpadding=\"0\">\n<tbody>\n<tr>\n<td valign=\"top\" width=\"150\">\n<p align=\"center\"><strong>2004-05<\/strong><\/p>\n<\/td>\n<td width=\"151\"><\/td>\n<\/tr>\n<tr>\n<td valign=\"top\" width=\"150\"><strong>Campe\u00f3n:<\/strong><\/td>\n<td valign=\"top\" width=\"151\">UA Maracaibo<\/td>\n<\/tr>\n<tr>\n<td valign=\"top\" width=\"150\"><strong>Subcampe\u00f3n:<\/strong><\/td>\n<td valign=\"top\" width=\"151\">Caracas FC<\/td>\n<\/tr>\n<tr>\n<td valign=\"top\" width=\"150\"><strong>T\u00e9cnico Campe\u00f3n:<\/strong><\/td>\n<td valign=\"top\" width=\"151\">Carlos Maldonado<\/td>\n<\/tr>\n<\/tbody>\n<\/table>\n<\/td>\n<\/tr>\n<\/tbody>\n<\/table>\n<table border=\"0\" width=\"100%\" cellpadding=\"0\">\n<tbody>\n<tr>\n<td>\u00a0<img decoding=\"async\" class=\"aligncenter\" src=\"http:\/\/www.gradadigital.com\/campeones_GD\/caracasfc_6_gd.png\" alt=\"\" border=\"0\" \/><\/td>\n<td width=\"306\">\n<table border=\"0\" cellspacing=\"0\" cellpadding=\"0\">\n<tbody>\n<tr>\n<td valign=\"top\" width=\"150\">\n<p align=\"center\"><strong>2005-06<\/strong><\/p>\n<\/td>\n<td width=\"151\"><\/td>\n<\/tr>\n<tr>\n<td valign=\"top\" width=\"150\"><strong>Campe\u00f3n:<\/strong><\/td>\n<td valign=\"top\" width=\"151\">Caracas FC<\/td>\n<\/tr>\n<tr>\n<td valign=\"top\" width=\"150\"><strong>Subcampe\u00f3n:<\/strong><\/td>\n<td valign=\"top\" width=\"151\">UA Maracaibo<\/td>\n<\/tr>\n<tr>\n<td valign=\"top\" width=\"150\"><strong>T\u00e9cnico Campe\u00f3n:<\/strong><\/td>\n<td valign=\"top\" width=\"151\">Noel Sanvicente<\/td>\n<\/tr>\n<\/tbody>\n<\/table>\n<\/td>\n<\/tr>\n<\/tbody>\n<\/table>\n<table border=\"0\" width=\"100%\" cellpadding=\"0\">\n<tbody>\n<tr>\n<td>\u00a0<img decoding=\"async\" class=\"aligncenter\" src=\"http:\/\/www.gradadigital.com\/campeones_GD\/caracasfc_9_gd.png\" alt=\"\" border=\"0\" \/><\/td>\n<td width=\"306\">\n<table border=\"0\" cellspacing=\"0\" cellpadding=\"0\">\n<tbody>\n<tr>\n<td valign=\"top\" width=\"150\">\n<p align=\"center\"><strong>2006-07<\/strong><\/p>\n<\/td>\n<td width=\"151\"><\/td>\n<\/tr>\n<tr>\n<td valign=\"top\" width=\"150\"><strong>Campe\u00f3n:<\/strong><\/td>\n<td valign=\"top\" width=\"151\">Caracas FC<\/td>\n<\/tr>\n<tr>\n<td valign=\"top\" width=\"150\"><strong>Subcampe\u00f3n:<\/strong><\/td>\n<td valign=\"top\" width=\"151\">UA Maracaibo<\/td>\n<\/tr>\n<tr>\n<td valign=\"top\" width=\"150\"><strong>T\u00e9cnico Campe\u00f3n:<\/strong><\/td>\n<td valign=\"top\" width=\"151\">Noel Sanvicente<\/td>\n<\/tr>\n<\/tbody>\n<\/table>\n<\/td>\n<\/tr>\n<\/tbody>\n<\/table>\n<table border=\"0\" width=\"100%\" cellpadding=\"0\">\n<tbody>\n<tr>\n<td>\u00a0<img decoding=\"async\" class=\"aligncenter\" src=\"http:\/\/www.gradadigital.com\/campeones_GD\/deptachira_5.png\" alt=\"\" border=\"0\" \/><\/td>\n<td width=\"306\">\n<table border=\"0\" cellspacing=\"0\" cellpadding=\"0\">\n<tbody>\n<tr>\n<td valign=\"top\" width=\"150\">\n<p align=\"center\"><strong>2007-08<\/strong><\/p>\n<\/td>\n<td width=\"151\"><\/td>\n<\/tr>\n<tr>\n<td valign=\"top\" width=\"150\"><strong>Campe\u00f3n:<\/strong><\/td>\n<td valign=\"top\" width=\"151\">Deportivo T\u00e1chira<\/td>\n<\/tr>\n<tr>\n<td valign=\"top\" width=\"150\"><strong>Subcampe\u00f3n:<\/strong><\/td>\n<td valign=\"top\" width=\"151\">Caracas FC<\/td>\n<\/tr>\n<tr>\n<td valign=\"top\" width=\"150\"><strong>T\u00e9cnico Campe\u00f3n:<\/strong><\/td>\n<td valign=\"top\" width=\"151\">Carlos Maldonado<\/td>\n<\/tr>\n<\/tbody>\n<\/table>\n<\/td>\n<\/tr>\n<\/tbody>\n<\/table>\n<table border=\"0\" width=\"100%\" cellpadding=\"0\">\n<tbody>\n<tr>\n<td>\u00a0<img decoding=\"async\" class=\"aligncenter\" src=\"http:\/\/www.gradadigital.com\/campeones_GD\/caracasfc_7_gd.png\" alt=\"\" border=\"0\" \/><\/td>\n<td width=\"306\">\n<table border=\"0\" cellspacing=\"0\" cellpadding=\"0\">\n<tbody>\n<tr>\n<td valign=\"top\" width=\"150\">\n<p align=\"center\"><strong>2008-09<\/strong><\/p>\n<\/td>\n<td width=\"151\"><\/td>\n<\/tr>\n<tr>\n<td valign=\"top\" width=\"150\"><strong>Campe\u00f3n:<\/strong><\/td>\n<td valign=\"top\" width=\"151\">Caracas FC<\/td>\n<\/tr>\n<tr>\n<td valign=\"top\" width=\"150\"><strong>Subcampe\u00f3n:<\/strong><\/td>\n<td valign=\"top\" width=\"151\">Deportivo Italia<\/td>\n<\/tr>\n<tr>\n<td valign=\"top\" width=\"150\"><strong>T\u00e9cnico Campe\u00f3n:<\/strong><\/td>\n<td valign=\"top\" width=\"151\">Noel Sanvicente<\/td>\n<\/tr>\n<\/tbody>\n<\/table>\n<\/td>\n<\/tr>\n<\/tbody>\n<\/table>\n<table border=\"0\" width=\"100%\" cellpadding=\"0\">\n<tbody>\n<tr>\n<td>\u00a0<img decoding=\"async\" class=\"aligncenter\" src=\"http:\/\/www.gradadigital.com\/campeones_GD\/caracasfc_8_gd.png\" alt=\"\" border=\"0\" \/><\/td>\n<td width=\"306\">\n<table border=\"0\" cellspacing=\"0\" cellpadding=\"0\">\n<tbody>\n<tr>\n<td valign=\"top\" width=\"150\">\n<p align=\"center\"><strong>2009-10<\/strong><\/p>\n<\/td>\n<td width=\"151\"><\/td>\n<\/tr>\n<tr>\n<td valign=\"top\" width=\"150\"><strong>Campe\u00f3n:<\/strong><\/td>\n<td valign=\"top\" width=\"151\">Caracas FC<\/td>\n<\/tr>\n<tr>\n<td valign=\"top\" width=\"150\"><strong>Subcampe\u00f3n:<\/strong><\/td>\n<td valign=\"top\" width=\"151\">Deportivo T\u00e1chira<\/td>\n<\/tr>\n<tr>\n<td valign=\"top\" width=\"150\"><strong>T\u00e9cnico Campe\u00f3n:<\/strong><\/td>\n<td valign=\"top\" width=\"151\">Ceferino Bencomo<\/td>\n<\/tr>\n<\/tbody>\n<\/table>\n<\/td>\n<\/tr>\n<\/tbody>\n<\/table>\n<table border=\"0\" width=\"100%\" cellpadding=\"0\">\n<tbody>\n<tr>\n<td>\u00a0<img loading=\"lazy\" decoding=\"async\" class=\"aligncenter\" style=\"border: 0px none;\" src=\"http:\/\/www.gradadigital.com\/campeones_GD\/deptachira_6_gd.png\" alt=\"\" width=\"170\" height=\"86\" border=\"0\" \/><\/td>\n<td width=\"306\">\n<table border=\"0\" cellspacing=\"0\" cellpadding=\"0\">\n<tbody>\n<tr>\n<td valign=\"top\" width=\"150\">\n<p align=\"center\"><strong>2010-11<\/strong><\/p>\n<\/td>\n<td width=\"151\"><\/td>\n<\/tr>\n<tr>\n<td valign=\"top\" width=\"150\"><strong>Campe\u00f3n:<\/strong><\/td>\n<td valign=\"top\" width=\"151\">Deportivo T\u00e1chira<\/td>\n<\/tr>\n<tr>\n<td valign=\"top\" width=\"150\"><strong>Subcampe\u00f3n:<\/strong><\/td>\n<td valign=\"top\" width=\"151\">Zamora FC<\/td>\n<\/tr>\n<tr>\n<td valign=\"top\" width=\"150\"><strong>T\u00e9cnico Campe\u00f3n:<\/strong><\/td>\n<td valign=\"top\" width=\"151\">Jorge Luis Pinto<\/td>\n<\/tr>\n<\/tbody>\n<\/table>\n<\/td>\n<\/tr>\n<\/tbody>\n<\/table>\n<table border=\"0\" width=\"100%\" cellpadding=\"0\">\n<tbody>\n<tr>\n<td>\u00a0<img loading=\"lazy\" decoding=\"async\" class=\"aligncenter\" style=\"border: 0px none;\" src=\"http:\/\/www.gradadigital.com\/campeones_GD\/cdlara_gd.png\" alt=\"\" width=\"170\" height=\"86\" border=\"0\" \/><\/td>\n<td width=\"306\">\n<table border=\"0\" cellspacing=\"0\" cellpadding=\"0\">\n<tbody>\n<tr>\n<td valign=\"top\" width=\"150\">\n<p align=\"center\"><strong>2011-12<\/strong><\/p>\n<\/td>\n<td width=\"151\"><\/td>\n<\/tr>\n<tr>\n<td valign=\"top\" width=\"150\"><strong>Campe\u00f3n:<\/strong><\/td>\n<td valign=\"top\" width=\"151\">CD Lara<\/td>\n<\/tr>\n<tr>\n<td valign=\"top\" width=\"150\"><strong>Subcampe\u00f3n:<\/strong><\/td>\n<td valign=\"top\" width=\"151\">Caracas FC<\/td>\n<\/tr>\n<tr>\n<td valign=\"top\" width=\"150\"><strong>T\u00e9cnico Campe\u00f3n:<\/strong><\/td>\n<td valign=\"top\" width=\"151\">Eduardo Sarag\u00f3<\/td>\n<\/tr>\n<\/tbody>\n<\/table>\n<\/td>\n<\/tr>\n<\/tbody>\n<\/table>\n<table border=\"0\" width=\"100%\" cellpadding=\"0\">\n<tbody>\n<tr>\n<td><img loading=\"lazy\" decoding=\"async\" class=\"aligncenter\" style=\"border: 0px none;\" src=\"http:\/\/www.gradadigital.com\/campeones_GD\/zamorafc_gd.png\" alt=\"\" width=\"170\" height=\"86\" border=\"0\" \/><\/td>\n<td width=\"306\">\n<table border=\"0\" cellspacing=\"0\" cellpadding=\"0\">\n<tbody>\n<tr>\n<td valign=\"top\" width=\"150\">\n<p align=\"center\"><strong>2012-13<\/strong><\/p>\n<\/td>\n<td width=\"151\"><\/td>\n<\/tr>\n<tr>\n<td valign=\"top\" width=\"150\"><strong>Campe\u00f3n:<\/strong><\/td>\n<td valign=\"top\" width=\"151\">Zamora FC<\/td>\n<\/tr>\n<tr>\n<td valign=\"top\" width=\"150\"><strong>Subcampe\u00f3n:<\/strong><\/td>\n<td valign=\"top\" width=\"151\">Deportivo Anzo\u00e1tegui<\/td>\n<\/tr>\n<tr>\n<td valign=\"top\" width=\"150\"><strong>T\u00e9cnico Campe\u00f3n:<\/strong><\/td>\n<td valign=\"top\" width=\"151\">Noel Sanvicente<\/td>\n<\/tr>\n<\/tbody>\n<\/table>\n<\/td>\n<\/tr>\n<\/tbody>\n<\/table>\n<table border=\"0\" width=\"100%\" cellpadding=\"0\">\n<tbody>\n<tr>\n<td style=\"text-align: center;\">\n<img loading=\"lazy\" decoding=\"async\" class=\"alignnone size-full wp-image-24059\" src=\"http:\/\/gradadigital.com\/home\/wp-content\/uploads\/2013\/05\/zamorafc2014_gd.png\" alt=\"zamorafc2014_gd\" width=\"170\" height=\"86\" \/><\/td>\n<td width=\"306\">\n<table border=\"0\" cellspacing=\"0\" cellpadding=\"0\">\n<tbody>\n<tr>\n<td valign=\"top\" width=\"150\">\n<p align=\"center\"><strong>2013-14<\/strong><\/p>\n<\/td>\n<td width=\"151\"><\/td>\n<\/tr>\n<tr>\n<td valign=\"top\" width=\"150\"><strong>Campe\u00f3n:<\/strong><\/td>\n<td valign=\"top\" width=\"151\">Zamora FC<\/td>\n<\/tr>\n<tr>\n<td valign=\"top\" width=\"150\"><strong>Subcampe\u00f3n:<\/strong><\/td>\n<td valign=\"top\" width=\"151\">Mineros de Guayana<\/td>\n<\/tr>\n<tr>\n<td valign=\"top\" width=\"150\"><strong>T\u00e9cnico Campe\u00f3n:<\/strong><\/td>\n<td valign=\"top\" width=\"151\">Noel Sanvicente<\/td>\n<\/tr>\n<\/tbody>\n<\/table>\n<\/td>\n<\/tr>\n<\/tbody>\n<\/table>\n<table border=\"0\" width=\"100%\" cellpadding=\"0\">\n<tbody>\n<tr>\n<td style=\"text-align: center;\"><a href=\"http:\/\/gradadigital.com\/home\/wp-content\/uploads\/2013\/05\/deptachira2015_gd.png\" rel=\"attachment wp-att-24058\"><br \/>\n<img loading=\"lazy\" decoding=\"async\" class=\"alignnone size-full wp-image-24058\" src=\"http:\/\/gradadigital.com\/home\/wp-content\/uploads\/2013\/05\/deptachira2015_gd.png\" alt=\"deptachira2015_gd\" width=\"170\" height=\"86\" \/><\/a><\/td>\n<td width=\"306\">\n<table border=\"0\" cellspacing=\"0\" cellpadding=\"0\">\n<tbody>\n<tr>\n<td valign=\"top\" width=\"150\">\n<p align=\"center\"><strong>2014-15<\/strong><\/p>\n<\/td>\n<td width=\"151\"><\/td>\n<\/tr>\n<tr>\n<td valign=\"top\" width=\"150\"><strong>Campe\u00f3n:<\/strong><\/td>\n<td valign=\"top\" width=\"151\">Deportivo T\u00e1chira<\/td>\n<\/tr>\n<tr>\n<td valign=\"top\" width=\"150\"><strong>Subcampe\u00f3n:<\/strong><\/td>\n<td valign=\"top\" width=\"151\">Trujillanos FC<\/td>\n<\/tr>\n<tr>\n<td valign=\"top\" width=\"150\"><strong>T\u00e9cnico Campe\u00f3n:<\/strong><\/td>\n<td valign=\"top\" width=\"151\">Daniel Far\u00edas<\/td>\n<\/tr>\n<\/tbody>\n<\/table>\n<\/td>\n<\/tr>\n<\/tbody>\n<\/table>\n","protected":false},"excerpt":{"rendered":"<p>1957-1979 | 1980-1999 | 2000-&#8230; \u00a0 1999-00 Campe\u00f3n: Deportivo T\u00e1chira Subcampe\u00f3n: Deportivo Italchacao T\u00e9cnico Campe\u00f3n: Walter Roque \u00a0 Nacional 2001 Campe\u00f3n: Caracas FC Subcampe\u00f3n: Trujillanos FC T\u00e9cnico Campe\u00f3n: Carlos Horacio Moreno \u00a0 2001-02 Campe\u00f3n: Nacional T\u00e1chira FC Subcampe\u00f3n: Estudiantes de M\u00e9rida T\u00e9cnico Campe\u00f3n: Carlos Maldonado \u00a0 2002-03 Campe\u00f3n: Caracas FC Subcampe\u00f3n: UA Maracaibo T\u00e9cnico Campe\u00f3n: &#8230;<\/p>\n","protected":false},"author":1,"featured_media":0,"parent":18,"menu_order":0,"comment_status":"closed","ping_status":"closed","template":"","meta":{"footnotes":""},"class_list":["post-93","page","type-page","status-publish","hentry"],"_links":{"self":[{"href":"http:\/\/gradadigital.com\/home\/wp-json\/wp\/v2\/pages\/93","targetHints":{"allow":["GET"]}}],"collection":[{"href":"http:\/\/gradadigital.com\/home\/wp-json\/wp\/v2\/pages"}],"about":[{"href":"http:\/\/gradadigital.com\/home\/wp-json\/wp\/v2\/types\/page"}],"author":[{"embeddable":true,"href":"http:\/\/gradadigital.com\/home\/wp-json\/wp\/v2\/users\/1"}],"replies":[{"embeddable":true,"href":"http:\/\/gradadigital.com\/home\/wp-json\/wp\/v2\/comments?post=93"}],"version-history":[{"count":19,"href":"http:\/\/gradadigital.com\/home\/wp-json\/wp\/v2\/pages\/93\/revisions"}],"predecessor-version":[{"id":24061,"href":"http:\/\/gradadigital.com\/home\/wp-json\/wp\/v2\/pages\/93\/revisions\/24061"}],"up":[{"embeddable":true,"href":"http:\/\/gradadigital.com\/home\/wp-json\/wp\/v2\/pages\/18"}],"wp:attachment":[{"href":"http:\/\/gradadigital.com\/home\/wp-json\/wp\/v2\/media?parent=93"}],"curies":[{"name":"wp","href":"https:\/\/api.w.org\/{rel}","templated":true}]}}