{"id":91,"date":"2013-05-07T05:51:17","date_gmt":"2013-05-07T05:51:17","guid":{"rendered":"http:\/\/gradadigital.com\/home\/?page_id=91"},"modified":"2013-11-06T00:44:18","modified_gmt":"2013-11-06T05:14:18","slug":"campeones-1980-1999","status":"publish","type":"page","link":"http:\/\/gradadigital.com\/home\/futbol-nacional\/primera-division\/historia-1era-division\/campeones-1980-1999\/","title":{"rendered":"Campeones: 1980 &#8211; 1999"},"content":{"rendered":"<div style=\"text-align: center;\"><img decoding=\"async\" alt=\"\" src=\"http:\/\/www.gradadigital.com\/tops_minipaginas\/campeones_nacionales_1era.png\" border=\"0\" \/><\/div>\n<div style=\"text-align: center;\"><a href=\"http:\/\/gradadigital.com\/home\/futbol-nacional\/primera-division\/historia-1era-division\/campeones-1957-1979\/\">1957-1979<\/a> | <a href=\"http:\/\/gradadigital.com\/home\/futbol-nacional\/primera-division\/historia-1era-division\/campeones-1980-1999\/\">1980-1999<\/a> | <a href=\"http:\/\/gradadigital.com\/home\/futbol-nacional\/primera-division\/historia-1era-division\/campeones-2000\/\">2000-&#8230;<\/a><\/div>\n<div><\/div>\n<table width=\"100%\" border=\"0\" cellpadding=\"0\">\n<tbody>\n<tr>\n<td>\u00a0<img decoding=\"async\" class=\"aligncenter\" alt=\"\" src=\"http:\/\/www.gradadigital.com\/campeones_GD\/estmerida_2_gd.png\" border=\"0\" \/><\/td>\n<td width=\"306\">\n<table border=\"0\" cellspacing=\"0\" cellpadding=\"0\">\n<tbody>\n<tr>\n<td valign=\"top\" width=\"150\">\n<p align=\"center\"><strong>1980<\/strong><\/p>\n<\/td>\n<td width=\"151\"><\/td>\n<\/tr>\n<tr>\n<td valign=\"top\" width=\"150\"><strong>Campe\u00f3n:<\/strong><\/td>\n<td valign=\"top\" width=\"151\">Estudiantes de M\u00e9rida<\/td>\n<\/tr>\n<tr>\n<td valign=\"top\" width=\"150\"><strong>Subcampe\u00f3n:<\/strong><\/td>\n<td valign=\"top\" width=\"151\">Portuguesa FC<\/td>\n<\/tr>\n<tr>\n<td valign=\"top\" width=\"150\"><strong>T\u00e9cnico Campe\u00f3n:<\/strong><\/td>\n<td valign=\"top\" width=\"151\">Ram\u00f3n Rodr\u00edguez<\/td>\n<\/tr>\n<\/tbody>\n<\/table>\n<\/td>\n<\/tr>\n<\/tbody>\n<\/table>\n<table width=\"100%\" border=\"0\" cellpadding=\"0\">\n<tbody>\n<tr>\n<td>\u00a0<img decoding=\"async\" class=\"aligncenter\" alt=\"\" src=\"http:\/\/www.gradadigital.com\/campeones_GD\/deptachira_2_gd.png\" border=\"0\" \/><\/td>\n<td width=\"306\">\n<table border=\"0\" cellspacing=\"0\" cellpadding=\"0\">\n<tbody>\n<tr>\n<td valign=\"top\" width=\"150\">\n<p align=\"center\"><strong>1981<\/strong><\/p>\n<\/td>\n<td width=\"151\"><\/td>\n<\/tr>\n<tr>\n<td valign=\"top\" width=\"150\"><strong>Campe\u00f3n:<\/strong><\/td>\n<td valign=\"top\" width=\"151\">Deportivo T\u00e1chira<\/td>\n<\/tr>\n<tr>\n<td valign=\"top\" width=\"150\"><strong>Subcampe\u00f3n:<\/strong><\/td>\n<td valign=\"top\" width=\"151\">Estudiantes de M\u00e9rida<\/td>\n<\/tr>\n<tr>\n<td valign=\"top\" width=\"150\"><strong>T\u00e9cnico Campe\u00f3n:<\/strong><\/td>\n<td valign=\"top\" width=\"151\">Esteban Beracochea<\/td>\n<\/tr>\n<\/tbody>\n<\/table>\n<\/td>\n<\/tr>\n<\/tbody>\n<\/table>\n<table width=\"100%\" border=\"0\" cellpadding=\"0\">\n<tbody>\n<tr>\n<td>\u00a0<img decoding=\"async\" class=\"aligncenter\" alt=\"\" src=\"http:\/\/www.gradadigital.com\/campeones_GD\/atlsancristoal_gd.png\" border=\"0\" \/><\/td>\n<td width=\"306\">\n<table border=\"0\" cellspacing=\"0\" cellpadding=\"0\">\n<tbody>\n<tr>\n<td valign=\"top\" width=\"150\">\n<p align=\"center\"><strong>1982<\/strong><\/p>\n<\/td>\n<td width=\"151\"><\/td>\n<\/tr>\n<tr>\n<td valign=\"top\" width=\"150\"><strong>Campe\u00f3n:<\/strong><\/td>\n<td valign=\"top\" width=\"151\">Atl\u00e9tico San Crist\u00f3bal<\/td>\n<\/tr>\n<tr>\n<td valign=\"top\" width=\"150\"><strong>Subcampe\u00f3n:<\/strong><\/td>\n<td valign=\"top\" width=\"151\">Deportivo T\u00e1chira<\/td>\n<\/tr>\n<tr>\n<td valign=\"top\" width=\"150\"><strong>T\u00e9cnico Campe\u00f3n:<\/strong><\/td>\n<td valign=\"top\" width=\"151\">Walter Roque<\/td>\n<\/tr>\n<\/tbody>\n<\/table>\n<\/td>\n<\/tr>\n<\/tbody>\n<\/table>\n<table width=\"100%\" border=\"0\" cellpadding=\"0\">\n<tbody>\n<tr>\n<td>\u00a0<img decoding=\"async\" class=\"aligncenter\" alt=\"\" src=\"http:\/\/www.gradadigital.com\/campeones_GD\/ula_1_gd.png\" border=\"0\" \/><\/td>\n<td width=\"306\">\n<table border=\"0\" cellspacing=\"0\" cellpadding=\"0\">\n<tbody>\n<tr>\n<td valign=\"top\" width=\"150\">\n<p align=\"center\"><strong>1983<\/strong><\/p>\n<\/td>\n<td width=\"151\"><\/td>\n<\/tr>\n<tr>\n<td valign=\"top\" width=\"150\"><strong>Campe\u00f3n:<\/strong><\/td>\n<td valign=\"top\" width=\"151\">ULA M\u00e9rida FC<\/td>\n<\/tr>\n<tr>\n<td valign=\"top\" width=\"150\"><strong>Subcampe\u00f3n:<\/strong><\/td>\n<td valign=\"top\" width=\"151\">Portuguesa FC<\/td>\n<\/tr>\n<tr>\n<td valign=\"top\" width=\"150\"><strong>T\u00e9cnico Campe\u00f3n:<\/strong><\/td>\n<td valign=\"top\" width=\"151\">Iv\u00e1n Garc\u00eda<\/td>\n<\/tr>\n<\/tbody>\n<\/table>\n<\/td>\n<\/tr>\n<\/tbody>\n<\/table>\n<table width=\"100%\" border=\"0\" cellpadding=\"0\">\n<tbody>\n<tr>\n<td>\u00a0<img decoding=\"async\" class=\"aligncenter\" alt=\"\" src=\"http:\/\/www.gradadigital.com\/campeones_GD\/deptachira_3_gd.png\" border=\"0\" \/><\/td>\n<td width=\"306\">\n<table border=\"0\" cellspacing=\"0\" cellpadding=\"0\">\n<tbody>\n<tr>\n<td valign=\"top\" width=\"150\">\n<p align=\"center\"><strong>1984<\/strong><\/p>\n<\/td>\n<td width=\"151\"><\/td>\n<\/tr>\n<tr>\n<td valign=\"top\" width=\"150\"><strong>Campe\u00f3n:<\/strong><\/td>\n<td valign=\"top\" width=\"151\">Deportivo T\u00e1chira<\/td>\n<\/tr>\n<tr>\n<td valign=\"top\" width=\"150\"><strong>Subcampe\u00f3n:<\/strong><\/td>\n<td valign=\"top\" width=\"151\">Deportivo Italia<\/td>\n<\/tr>\n<tr>\n<td valign=\"top\" width=\"150\"><strong>T\u00e9cnico Campe\u00f3n:<\/strong><\/td>\n<td valign=\"top\" width=\"151\">Carlos Horacio Moreno<\/td>\n<\/tr>\n<\/tbody>\n<\/table>\n<\/td>\n<\/tr>\n<\/tbody>\n<\/table>\n<table width=\"100%\" border=\"0\" cellpadding=\"0\">\n<tbody>\n<tr>\n<td>\u00a0<img decoding=\"async\" class=\"aligncenter\" alt=\"\" src=\"http:\/\/www.gradadigital.com\/campeones_GD\/estmerida_2_gd.png\" border=\"0\" \/><\/td>\n<td width=\"306\">\n<table border=\"0\" cellspacing=\"0\" cellpadding=\"0\">\n<tbody>\n<tr>\n<td valign=\"top\" width=\"150\">\n<p align=\"center\"><strong>1985<\/strong><\/p>\n<\/td>\n<td width=\"151\"><\/td>\n<\/tr>\n<tr>\n<td valign=\"top\" width=\"150\"><strong>Campe\u00f3n:<\/strong><\/td>\n<td valign=\"top\" width=\"151\">Estudiantes de M\u00e9rida<\/td>\n<\/tr>\n<tr>\n<td valign=\"top\" width=\"150\"><strong>Subcampe\u00f3n:<\/strong><\/td>\n<td valign=\"top\" width=\"151\">Deportivo T\u00e1chira<\/td>\n<\/tr>\n<tr>\n<td valign=\"top\" width=\"150\"><strong>T\u00e9cnico Campe\u00f3n:<\/strong><\/td>\n<td valign=\"top\" width=\"151\">Iv\u00e1n Garc\u00eda<\/td>\n<\/tr>\n<\/tbody>\n<\/table>\n<\/td>\n<\/tr>\n<\/tbody>\n<\/table>\n<table width=\"100%\" border=\"0\" cellpadding=\"0\">\n<tbody>\n<tr>\n<td>\u00a0<img decoding=\"async\" class=\"aligncenter\" alt=\"\" src=\"http:\/\/www.gradadigital.com\/campeones_GD\/uatachira_gd.png\" border=\"0\" \/><\/td>\n<td width=\"306\">\n<table border=\"0\" cellspacing=\"0\" cellpadding=\"0\">\n<tbody>\n<tr>\n<td valign=\"top\" width=\"150\">\n<p align=\"center\"><strong>1986<\/strong><\/p>\n<\/td>\n<td width=\"151\"><\/td>\n<\/tr>\n<tr>\n<td valign=\"top\" width=\"150\"><strong>Campe\u00f3n:<\/strong><\/td>\n<td valign=\"top\" width=\"151\">Uni\u00f3n Atl\u00e9tico T\u00e1chira<\/td>\n<\/tr>\n<tr>\n<td valign=\"top\" width=\"150\"><strong>Subcampe\u00f3n:<\/strong><\/td>\n<td valign=\"top\" width=\"151\">Estudiantes de M\u00e9rida<\/td>\n<\/tr>\n<tr>\n<td valign=\"top\" width=\"150\"><strong>T\u00e9cnico Campe\u00f3n:<\/strong><\/td>\n<td valign=\"top\" width=\"151\">Carlos Horacio Moreno<\/td>\n<\/tr>\n<\/tbody>\n<\/table>\n<\/td>\n<\/tr>\n<\/tbody>\n<\/table>\n<table width=\"100%\" border=\"0\" cellpadding=\"0\">\n<tbody>\n<tr>\n<td>\u00a0<img decoding=\"async\" class=\"aligncenter\" alt=\"\" src=\"http:\/\/www.gradadigital.com\/campeones_GD\/maritimo_gd.png\" border=\"0\" \/><\/td>\n<td width=\"306\">\n<table border=\"0\" cellspacing=\"0\" cellpadding=\"0\">\n<tbody>\n<tr>\n<td valign=\"top\" width=\"150\">\n<p align=\"center\"><strong>1986-87<\/strong><\/p>\n<\/td>\n<td width=\"151\"><\/td>\n<\/tr>\n<tr>\n<td valign=\"top\" width=\"150\"><strong>Campe\u00f3n:<\/strong><\/td>\n<td valign=\"top\" width=\"151\">Club Sport Mar\u00edtimo<\/td>\n<\/tr>\n<tr>\n<td valign=\"top\" width=\"150\"><strong>Subcampe\u00f3n:<\/strong><\/td>\n<td valign=\"top\" width=\"151\">Uni\u00f3n Atl\u00e9tico T\u00e1chira<\/td>\n<\/tr>\n<tr>\n<td valign=\"top\" width=\"150\"><strong>T\u00e9cnico Campe\u00f3n:<\/strong><\/td>\n<td valign=\"top\" width=\"151\">Rafa\u00e9l Santana<\/td>\n<\/tr>\n<\/tbody>\n<\/table>\n<\/td>\n<\/tr>\n<\/tbody>\n<\/table>\n<table width=\"100%\" border=\"0\" cellpadding=\"0\">\n<tbody>\n<tr>\n<td>\u00a0<img decoding=\"async\" class=\"aligncenter\" alt=\"\" src=\"http:\/\/www.gradadigital.com\/campeones_GD\/maritimo_gd.png\" border=\"0\" \/><\/td>\n<td width=\"306\">\n<table border=\"0\" cellspacing=\"0\" cellpadding=\"0\">\n<tbody>\n<tr>\n<td valign=\"top\" width=\"150\">\n<p align=\"center\"><strong>1987-88<\/strong><\/p>\n<\/td>\n<td width=\"151\"><\/td>\n<\/tr>\n<tr>\n<td valign=\"top\" width=\"150\"><strong>Campe\u00f3n:<\/strong><\/td>\n<td valign=\"top\" width=\"151\">Club Sport Mar\u00edtimo<\/td>\n<\/tr>\n<tr>\n<td valign=\"top\" width=\"150\"><strong>Subcampe\u00f3n:<\/strong><\/td>\n<td valign=\"top\" width=\"151\">Uni\u00f3n Atl\u00e9tico T\u00e1chira<\/td>\n<\/tr>\n<tr>\n<td valign=\"top\" width=\"150\"><strong>T\u00e9cnico Campe\u00f3n:<\/strong><\/td>\n<td valign=\"top\" width=\"151\">Alfredo L\u00f3pez<\/td>\n<\/tr>\n<\/tbody>\n<\/table>\n<\/td>\n<\/tr>\n<\/tbody>\n<\/table>\n<table width=\"100%\" border=\"0\" cellpadding=\"0\">\n<tbody>\n<tr>\n<td>\u00a0<img decoding=\"async\" class=\"aligncenter\" alt=\"\" src=\"http:\/\/www.gradadigital.com\/campeones_GD\/mineros_gd.png\" border=\"0\" \/><\/td>\n<td width=\"306\">\n<table border=\"0\" cellspacing=\"0\" cellpadding=\"0\">\n<tbody>\n<tr>\n<td valign=\"top\" width=\"150\">\n<p align=\"center\"><strong>1988-89<\/strong><\/p>\n<\/td>\n<td width=\"151\"><\/td>\n<\/tr>\n<tr>\n<td valign=\"top\" width=\"150\"><strong>Campe\u00f3n:<\/strong><\/td>\n<td valign=\"top\" width=\"151\">AC Mineros de Guayana<\/td>\n<\/tr>\n<tr>\n<td valign=\"top\" width=\"150\"><strong>Subcampe\u00f3n:<\/strong><\/td>\n<td valign=\"top\" width=\"151\">Pepeganga Margarita<\/td>\n<\/tr>\n<tr>\n<td valign=\"top\" width=\"150\"><strong>T\u00e9cnico Campe\u00f3n:<\/strong><\/td>\n<td valign=\"top\" width=\"151\">Alfredo L\u00f3pez<\/td>\n<\/tr>\n<\/tbody>\n<\/table>\n<\/td>\n<\/tr>\n<\/tbody>\n<\/table>\n<table width=\"100%\" border=\"0\" cellpadding=\"0\">\n<tbody>\n<tr>\n<td>\u00a0<img decoding=\"async\" class=\"aligncenter\" alt=\"\" src=\"http:\/\/www.gradadigital.com\/campeones_GD\/maritimo_gd.png\" border=\"0\" \/><\/td>\n<td width=\"306\">\n<table border=\"0\" cellspacing=\"0\" cellpadding=\"0\">\n<tbody>\n<tr>\n<td valign=\"top\" width=\"150\">\n<p align=\"center\"><strong>1989-90<\/strong><\/p>\n<\/td>\n<td width=\"151\"><\/td>\n<\/tr>\n<tr>\n<td valign=\"top\" width=\"150\"><strong>Campe\u00f3n:<\/strong><\/td>\n<td valign=\"top\" width=\"151\">Club Sport Mar\u00edtimo<\/td>\n<\/tr>\n<tr>\n<td valign=\"top\" width=\"150\"><strong>Subcampe\u00f3n:<\/strong><\/td>\n<td valign=\"top\" width=\"151\">Uni\u00f3n Atl\u00e9tico T\u00e1chira<\/td>\n<\/tr>\n<tr>\n<td valign=\"top\" width=\"150\"><strong>T\u00e9cnico Campe\u00f3n:<\/strong><\/td>\n<td valign=\"top\" width=\"151\">Rafael Santana<\/td>\n<\/tr>\n<\/tbody>\n<\/table>\n<\/td>\n<\/tr>\n<\/tbody>\n<\/table>\n<table width=\"100%\" border=\"0\" cellpadding=\"0\">\n<tbody>\n<tr>\n<td>\u00a0<img decoding=\"async\" class=\"aligncenter\" alt=\"\" src=\"http:\/\/www.gradadigital.com\/campeones_GD\/ula_1_gd.png\" border=\"0\" \/><\/td>\n<td width=\"306\">\n<table border=\"0\" cellspacing=\"0\" cellpadding=\"0\">\n<tbody>\n<tr>\n<td valign=\"top\" width=\"150\">\n<p align=\"center\"><strong>1990-91<\/strong><\/p>\n<\/td>\n<td width=\"151\"><\/td>\n<\/tr>\n<tr>\n<td valign=\"top\" width=\"150\"><strong>Campe\u00f3n:<\/strong><\/td>\n<td valign=\"top\" width=\"151\">ULA M\u00e9rida FC<\/td>\n<\/tr>\n<tr>\n<td valign=\"top\" width=\"150\"><strong>Subcampe\u00f3n:<\/strong><\/td>\n<td valign=\"top\" width=\"151\">Club Sport Mar\u00edtimo<\/td>\n<\/tr>\n<tr>\n<td valign=\"top\" width=\"150\"><strong>T\u00e9cnico Campe\u00f3n:<\/strong><\/td>\n<td valign=\"top\" width=\"151\">Carlos Diz<\/td>\n<\/tr>\n<\/tbody>\n<\/table>\n<\/td>\n<\/tr>\n<\/tbody>\n<\/table>\n<table width=\"100%\" border=\"0\" cellpadding=\"0\">\n<tbody>\n<tr>\n<td>\u00a0<img decoding=\"async\" class=\"aligncenter\" alt=\"\" src=\"http:\/\/www.gradadigital.com\/campeones_GD\/caracasfc_1_gd.png\" border=\"0\" \/><\/td>\n<td width=\"306\">\n<table border=\"0\" cellspacing=\"0\" cellpadding=\"0\">\n<tbody>\n<tr>\n<td valign=\"top\" width=\"150\">\n<p align=\"center\"><strong>1991-92<\/strong><\/p>\n<\/td>\n<td width=\"151\"><\/td>\n<\/tr>\n<tr>\n<td valign=\"top\" width=\"150\"><strong>Campe\u00f3n:<\/strong><\/td>\n<td valign=\"top\" width=\"151\">Caracas FC<\/td>\n<\/tr>\n<tr>\n<td valign=\"top\" width=\"150\"><strong>Subcampe\u00f3n:<\/strong><\/td>\n<td valign=\"top\" width=\"151\">Minerv\u00e9n FC<\/td>\n<\/tr>\n<tr>\n<td valign=\"top\" width=\"150\"><strong>T\u00e9cnico Campe\u00f3n:<\/strong><\/td>\n<td valign=\"top\" width=\"151\">Manuel Plasencia<\/td>\n<\/tr>\n<\/tbody>\n<\/table>\n<\/td>\n<\/tr>\n<\/tbody>\n<\/table>\n<table width=\"100%\" border=\"0\" cellpadding=\"0\">\n<tbody>\n<tr>\n<td>\u00a0<img decoding=\"async\" class=\"aligncenter\" alt=\"\" src=\"http:\/\/www.gradadigital.com\/campeones_GD\/maritimo_gd.png\" border=\"0\" \/><\/td>\n<td width=\"306\">\n<table border=\"0\" cellspacing=\"0\" cellpadding=\"0\">\n<tbody>\n<tr>\n<td valign=\"top\" width=\"150\">\n<p align=\"center\"><strong>1992-93<\/strong><\/p>\n<\/td>\n<td width=\"151\"><\/td>\n<\/tr>\n<tr>\n<td valign=\"top\" width=\"150\"><strong>Campe\u00f3n:<\/strong><\/td>\n<td valign=\"top\" width=\"151\">Club Sport Mar\u00edtimo<\/td>\n<\/tr>\n<tr>\n<td valign=\"top\" width=\"150\"><strong>Subcampe\u00f3n:<\/strong><\/td>\n<td valign=\"top\" width=\"151\">Minerv\u00e9n FC<\/td>\n<\/tr>\n<tr>\n<td valign=\"top\" width=\"150\"><strong>T\u00e9cnico Campe\u00f3n:<\/strong><\/td>\n<td valign=\"top\" width=\"151\">Miguel Sabina<\/td>\n<\/tr>\n<\/tbody>\n<\/table>\n<\/td>\n<\/tr>\n<\/tbody>\n<\/table>\n<table width=\"100%\" border=\"0\" cellpadding=\"0\">\n<tbody>\n<tr>\n<td>\u00a0<img decoding=\"async\" class=\"aligncenter\" alt=\"\" src=\"http:\/\/www.gradadigital.com\/campeones_GD\/caracasfc_1_gd.png\" border=\"0\" \/><\/td>\n<td width=\"306\">\n<table border=\"0\" cellspacing=\"0\" cellpadding=\"0\">\n<tbody>\n<tr>\n<td valign=\"top\" width=\"150\">\n<p align=\"center\"><strong>1993-94<\/strong><\/p>\n<\/td>\n<td width=\"151\"><\/td>\n<\/tr>\n<tr>\n<td valign=\"top\" width=\"150\"><strong>Campe\u00f3n:<\/strong><\/td>\n<td valign=\"top\" width=\"151\">Caracas FC<\/td>\n<\/tr>\n<tr>\n<td valign=\"top\" width=\"150\"><strong>Subcampe\u00f3n:<\/strong><\/td>\n<td valign=\"top\" width=\"151\">Trujillanos FC<\/td>\n<\/tr>\n<tr>\n<td valign=\"top\" width=\"150\"><strong>T\u00e9cnico Campe\u00f3n:<\/strong><\/td>\n<td valign=\"top\" width=\"151\">Manuel Plasencia<\/td>\n<\/tr>\n<\/tbody>\n<\/table>\n<\/td>\n<\/tr>\n<\/tbody>\n<\/table>\n<table width=\"100%\" border=\"0\" cellpadding=\"0\">\n<tbody>\n<tr>\n<td>\u00a0<img decoding=\"async\" class=\"aligncenter\" alt=\"\" src=\"http:\/\/www.gradadigital.com\/campeones_GD\/caracasfc_1_gd.png\" border=\"0\" \/><\/td>\n<td width=\"306\">\n<table border=\"0\" cellspacing=\"0\" cellpadding=\"0\">\n<tbody>\n<tr>\n<td valign=\"top\" width=\"150\">\n<p align=\"center\"><strong>1994-95<\/strong><\/p>\n<\/td>\n<td width=\"151\"><\/td>\n<\/tr>\n<tr>\n<td valign=\"top\" width=\"150\"><strong>Campe\u00f3n:<\/strong><\/td>\n<td valign=\"top\" width=\"151\">Caracas FC<\/td>\n<\/tr>\n<tr>\n<td valign=\"top\" width=\"150\"><strong>Subcampe\u00f3n:<\/strong><\/td>\n<td valign=\"top\" width=\"151\">Minerv\u00e9n FC<\/td>\n<\/tr>\n<tr>\n<td valign=\"top\" width=\"150\"><strong>T\u00e9cnico Campe\u00f3n:<\/strong><\/td>\n<td valign=\"top\" width=\"151\">Pedro Febles<\/td>\n<\/tr>\n<\/tbody>\n<\/table>\n<\/td>\n<\/tr>\n<\/tbody>\n<\/table>\n<table width=\"100%\" border=\"0\" cellpadding=\"0\">\n<tbody>\n<tr>\n<td>\u00a0<img decoding=\"async\" class=\"aligncenter\" alt=\"\" src=\"http:\/\/www.gradadigital.com\/campeones_GD\/minerven_gd.png\" border=\"0\" \/><\/td>\n<td width=\"306\">\n<table border=\"0\" cellspacing=\"0\" cellpadding=\"0\">\n<tbody>\n<tr>\n<td valign=\"top\" width=\"150\">\n<p align=\"center\"><strong>1995-96<\/strong><\/p>\n<\/td>\n<td width=\"151\"><\/td>\n<\/tr>\n<tr>\n<td valign=\"top\" width=\"150\"><strong>Campe\u00f3n:<\/strong><\/td>\n<td valign=\"top\" width=\"151\">Minerv\u00e9n FC<\/td>\n<\/tr>\n<tr>\n<td valign=\"top\" width=\"150\"><strong>Subcampe\u00f3n:<\/strong><\/td>\n<td valign=\"top\" width=\"151\">AC Mineros de Guayana<\/td>\n<\/tr>\n<tr>\n<td valign=\"top\" width=\"150\"><strong>T\u00e9cnico Campe\u00f3n:<\/strong><\/td>\n<td valign=\"top\" width=\"151\">Ra\u00fal Cavalleri<\/td>\n<\/tr>\n<\/tbody>\n<\/table>\n<\/td>\n<\/tr>\n<\/tbody>\n<\/table>\n<table width=\"100%\" border=\"0\" cellpadding=\"0\">\n<tbody>\n<tr>\n<td>\u00a0<img decoding=\"async\" class=\"aligncenter\" alt=\"\" src=\"http:\/\/www.gradadigital.com\/campeones_GD\/caracasfc_1_gd.png\" border=\"0\" \/><\/td>\n<td width=\"306\">\n<table border=\"0\" cellspacing=\"0\" cellpadding=\"0\">\n<tbody>\n<tr>\n<td valign=\"top\" width=\"150\">\n<p align=\"center\"><strong>1996-97<\/strong><\/p>\n<\/td>\n<td width=\"151\"><\/td>\n<\/tr>\n<tr>\n<td valign=\"top\" width=\"150\"><strong>Campe\u00f3n:<\/strong><\/td>\n<td valign=\"top\" width=\"151\">Caracas FC<\/td>\n<\/tr>\n<tr>\n<td valign=\"top\" width=\"150\"><strong>Subcampe\u00f3n:<\/strong><\/td>\n<td valign=\"top\" width=\"151\">Atl\u00e9tico Zulia FC<\/td>\n<\/tr>\n<tr>\n<td valign=\"top\" width=\"150\"><strong>T\u00e9cnico Campe\u00f3n:<\/strong><\/td>\n<td valign=\"top\" width=\"151\">Manuel Plasencia<\/td>\n<\/tr>\n<\/tbody>\n<\/table>\n<\/td>\n<\/tr>\n<\/tbody>\n<\/table>\n<table width=\"100%\" border=\"0\" cellpadding=\"0\">\n<tbody>\n<tr>\n<td>\u00a0<img decoding=\"async\" class=\"aligncenter\" alt=\"\" src=\"http:\/\/www.gradadigital.com\/campeones_GD\/atlzulia_gd.png\" border=\"0\" \/><\/td>\n<td width=\"306\">\n<table border=\"0\" cellspacing=\"0\" cellpadding=\"0\">\n<tbody>\n<tr>\n<td valign=\"top\" width=\"150\">\n<p align=\"center\"><strong>1997-98<\/strong><\/p>\n<\/td>\n<td width=\"151\"><\/td>\n<\/tr>\n<tr>\n<td valign=\"top\" width=\"150\"><strong>Campe\u00f3n:<\/strong><\/td>\n<td valign=\"top\" width=\"151\">Atl\u00e9tico Zulia FC<\/td>\n<\/tr>\n<tr>\n<td valign=\"top\" width=\"150\"><strong>Subcampe\u00f3n:<\/strong><\/td>\n<td valign=\"top\" width=\"151\">Estudiantes de M\u00e9rida<\/td>\n<\/tr>\n<tr>\n<td valign=\"top\" width=\"150\"><strong>T\u00e9cnico Campe\u00f3n:<\/strong><\/td>\n<td valign=\"top\" width=\"151\">Ratomir Dujkovic<\/td>\n<\/tr>\n<\/tbody>\n<\/table>\n<\/td>\n<\/tr>\n<\/tbody>\n<\/table>\n<table width=\"100%\" border=\"0\" cellpadding=\"0\">\n<tbody>\n<tr>\n<td>\u00a0<img decoding=\"async\" class=\"aligncenter\" alt=\"\" src=\"http:\/\/www.gradadigital.com\/campeones_GD\/italchacao_gd.png\" border=\"0\" \/><\/td>\n<td width=\"306\">\n<table border=\"0\" cellspacing=\"0\" cellpadding=\"0\">\n<tbody>\n<tr>\n<td valign=\"top\" width=\"150\">\n<p align=\"center\"><strong>1998-99<\/strong><\/p>\n<\/td>\n<td width=\"151\"><\/td>\n<\/tr>\n<tr>\n<td valign=\"top\" width=\"150\"><strong>Campe\u00f3n:<\/strong><\/td>\n<td valign=\"top\" width=\"151\">Deportivo Italchacao<\/td>\n<\/tr>\n<tr>\n<td valign=\"top\" width=\"150\"><strong>Subcampe\u00f3n:<\/strong><\/td>\n<td valign=\"top\" width=\"151\">Uni\u00f3n Atl\u00e9tico T\u00e1chira<\/td>\n<\/tr>\n<tr>\n<td valign=\"top\" width=\"150\"><strong>T\u00e9cnico Campe\u00f3n:<\/strong><\/td>\n<td valign=\"top\" width=\"151\">Ra\u00fal Cavalleri<\/td>\n<\/tr>\n<\/tbody>\n<\/table>\n<\/td>\n<\/tr>\n<\/tbody>\n<\/table>\n","protected":false},"excerpt":{"rendered":"<p>1957-1979 | 1980-1999 | 2000-&#8230; \u00a0 1980 Campe\u00f3n: Estudiantes de M\u00e9rida Subcampe\u00f3n: Portuguesa FC T\u00e9cnico Campe\u00f3n: Ram\u00f3n Rodr\u00edguez \u00a0 1981 Campe\u00f3n: Deportivo T\u00e1chira Subcampe\u00f3n: Estudiantes de M\u00e9rida T\u00e9cnico Campe\u00f3n: Esteban Beracochea \u00a0 1982 Campe\u00f3n: Atl\u00e9tico San Crist\u00f3bal Subcampe\u00f3n: Deportivo T\u00e1chira T\u00e9cnico Campe\u00f3n: Walter Roque \u00a0 1983 Campe\u00f3n: ULA M\u00e9rida FC Subcampe\u00f3n: Portuguesa FC T\u00e9cnico Campe\u00f3n: &#8230;<\/p>\n","protected":false},"author":1,"featured_media":0,"parent":18,"menu_order":0,"comment_status":"closed","ping_status":"closed","template":"","meta":{"footnotes":""},"class_list":["post-91","page","type-page","status-publish","hentry"],"_links":{"self":[{"href":"http:\/\/gradadigital.com\/home\/wp-json\/wp\/v2\/pages\/91","targetHints":{"allow":["GET"]}}],"collection":[{"href":"http:\/\/gradadigital.com\/home\/wp-json\/wp\/v2\/pages"}],"about":[{"href":"http:\/\/gradadigital.com\/home\/wp-json\/wp\/v2\/types\/page"}],"author":[{"embeddable":true,"href":"http:\/\/gradadigital.com\/home\/wp-json\/wp\/v2\/users\/1"}],"replies":[{"embeddable":true,"href":"http:\/\/gradadigital.com\/home\/wp-json\/wp\/v2\/comments?post=91"}],"version-history":[{"count":9,"href":"http:\/\/gradadigital.com\/home\/wp-json\/wp\/v2\/pages\/91\/revisions"}],"predecessor-version":[{"id":6379,"href":"http:\/\/gradadigital.com\/home\/wp-json\/wp\/v2\/pages\/91\/revisions\/6379"}],"up":[{"embeddable":true,"href":"http:\/\/gradadigital.com\/home\/wp-json\/wp\/v2\/pages\/18"}],"wp:attachment":[{"href":"http:\/\/gradadigital.com\/home\/wp-json\/wp\/v2\/media?parent=91"}],"curies":[{"name":"wp","href":"https:\/\/api.w.org\/{rel}","templated":true}]}}