{"id":20,"date":"2013-05-07T05:31:30","date_gmt":"2013-05-07T05:31:30","guid":{"rendered":"http:\/\/gradadigital.com\/home\/?page_id=20"},"modified":"2016-01-31T11:36:11","modified_gmt":"2016-01-31T16:06:11","slug":"segunda-division","status":"publish","type":"page","link":"http:\/\/gradadigital.com\/home\/futbol-nacional\/segunda-division\/","title":{"rendered":"Segunda Divisi\u00f3n"},"content":{"rendered":"<p style=\"text-align: center;\"><img loading=\"lazy\" decoding=\"async\" class=\"alignnone size-full wp-image-24095\" src=\"http:\/\/gradadigital.com\/home\/wp-content\/uploads\/2013\/05\/TOP_SEGUNDA_DIVISION.png\" alt=\"TOP_SEGUNDA_DIVISION\" width=\"620\" height=\"198\" srcset=\"http:\/\/gradadigital.com\/home\/wp-content\/uploads\/2013\/05\/TOP_SEGUNDA_DIVISION.png 620w, http:\/\/gradadigital.com\/home\/wp-content\/uploads\/2013\/05\/TOP_SEGUNDA_DIVISION-300x96.png 300w\" sizes=\"auto, (max-width: 620px) 100vw, 620px\" \/><\/p>\n<p style=\"text-align: center;\"><em><strong>\u00ab<\/strong>Paso a paso se lucha para llegar a la cima, muchos caen en ella, pero tambi\u00e9n cada a\u00f1o dos equipos luchan por subir a primera. Aqu\u00ed encontrar\u00e1s toda la informaci\u00f3n de la Segunda Divisi\u00f3n de nuestro f\u00fatbol nacional, porque ellos tambi\u00e9n merecen tu aliento<strong>\u00ab<\/strong><\/em><\/p>\n<p style=\"text-align: center;\"><a href=\"http:\/\/gradadigital.com\/home\/?page_id=98\">CLUBES<\/a> | <a href=\"http:\/\/gradadigital.com\/home\/?page_id=102\">CAMPEONES DE LA SEGUNDA DIVISI\u00d3N<\/a><br \/>\n<!-- END of Soccerway widget HTML fragment --><\/p>\n","protected":false},"excerpt":{"rendered":"<p>\u00abPaso a paso se lucha para llegar a la cima, muchos caen en ella, pero tambi\u00e9n cada a\u00f1o dos equipos luchan por subir a primera. Aqu\u00ed encontrar\u00e1s toda la informaci\u00f3n de la Segunda Divisi\u00f3n de nuestro f\u00fatbol nacional, porque ellos tambi\u00e9n merecen tu aliento\u00ab CLUBES | CAMPEONES DE LA SEGUNDA DIVISI\u00d3N<\/p>\n","protected":false},"author":1,"featured_media":0,"parent":10,"menu_order":0,"comment_status":"closed","ping_status":"closed","template":"template-blog.php","meta":{"footnotes":""},"class_list":["post-20","page","type-page","status-publish","hentry"],"_links":{"self":[{"href":"http:\/\/gradadigital.com\/home\/wp-json\/wp\/v2\/pages\/20","targetHints":{"allow":["GET"]}}],"collection":[{"href":"http:\/\/gradadigital.com\/home\/wp-json\/wp\/v2\/pages"}],"about":[{"href":"http:\/\/gradadigital.com\/home\/wp-json\/wp\/v2\/types\/page"}],"author":[{"embeddable":true,"href":"http:\/\/gradadigital.com\/home\/wp-json\/wp\/v2\/users\/1"}],"replies":[{"embeddable":true,"href":"http:\/\/gradadigital.com\/home\/wp-json\/wp\/v2\/comments?post=20"}],"version-history":[{"count":11,"href":"http:\/\/gradadigital.com\/home\/wp-json\/wp\/v2\/pages\/20\/revisions"}],"predecessor-version":[{"id":24096,"href":"http:\/\/gradadigital.com\/home\/wp-json\/wp\/v2\/pages\/20\/revisions\/24096"}],"up":[{"embeddable":true,"href":"http:\/\/gradadigital.com\/home\/wp-json\/wp\/v2\/pages\/10"}],"wp:attachment":[{"href":"http:\/\/gradadigital.com\/home\/wp-json\/wp\/v2\/media?parent=20"}],"curies":[{"name":"wp","href":"https:\/\/api.w.org\/{rel}","templated":true}]}}