{"id":152,"date":"2013-05-07T06:21:20","date_gmt":"2013-05-07T06:21:20","guid":{"rendered":"http:\/\/gradadigital.com\/home\/?page_id=152"},"modified":"2021-04-23T19:12:41","modified_gmt":"2021-04-23T23:12:41","slug":"seleccion-mayores","status":"publish","type":"page","link":"http:\/\/gradadigital.com\/home\/seleccion-nacional\/seleccion-mayores\/","title":{"rendered":"Selecci\u00f3n: Mayores"},"content":{"rendered":"<div align=\"center\">\n<p><img loading=\"lazy\" decoding=\"async\" class=\"alignnone size-full wp-image-24104\" src=\"http:\/\/gradadigital.com\/home\/wp-content\/uploads\/2013\/05\/TOP_VINOTINTO.png\" alt=\"TOP_VINOTINTO\" width=\"620\" height=\"198\" srcset=\"http:\/\/gradadigital.com\/home\/wp-content\/uploads\/2013\/05\/TOP_VINOTINTO.png 620w, http:\/\/gradadigital.com\/home\/wp-content\/uploads\/2013\/05\/TOP_VINOTINTO-300x96.png 300w\" sizes=\"auto, (max-width: 620px) 100vw, 620px\" \/><\/p>\n<p><em>No hay mejor lugar para alentar a tu selecci\u00f3n que desde la grada. Esta es tu nueva ventana para seguir cada paso que da la Vinotinto en b\u00fasqueda del sue\u00f1o mundialista. Una secci\u00f3n que trae la mejor informaci\u00f3n de nuestra selecci\u00f3n nacional<\/em><\/p>\n<div class=\"clear\"><\/div><div class=\"divider\"><\/div>\n<\/div>\n","protected":false},"excerpt":{"rendered":"<p>No hay mejor lugar para alentar a tu selecci\u00f3n que desde la grada. Esta es tu nueva ventana para seguir cada paso que da la Vinotinto en b\u00fasqueda del sue\u00f1o mundialista. Una secci\u00f3n que trae la mejor informaci\u00f3n de nuestra selecci\u00f3n nacional<\/p>\n","protected":false},"author":1,"featured_media":0,"parent":149,"menu_order":0,"comment_status":"closed","ping_status":"closed","template":"template-blog.php","meta":{"footnotes":""},"class_list":["post-152","page","type-page","status-publish","hentry"],"_links":{"self":[{"href":"http:\/\/gradadigital.com\/home\/wp-json\/wp\/v2\/pages\/152","targetHints":{"allow":["GET"]}}],"collection":[{"href":"http:\/\/gradadigital.com\/home\/wp-json\/wp\/v2\/pages"}],"about":[{"href":"http:\/\/gradadigital.com\/home\/wp-json\/wp\/v2\/types\/page"}],"author":[{"embeddable":true,"href":"http:\/\/gradadigital.com\/home\/wp-json\/wp\/v2\/users\/1"}],"replies":[{"embeddable":true,"href":"http:\/\/gradadigital.com\/home\/wp-json\/wp\/v2\/comments?post=152"}],"version-history":[{"count":24,"href":"http:\/\/gradadigital.com\/home\/wp-json\/wp\/v2\/pages\/152\/revisions"}],"predecessor-version":[{"id":40166,"href":"http:\/\/gradadigital.com\/home\/wp-json\/wp\/v2\/pages\/152\/revisions\/40166"}],"up":[{"embeddable":true,"href":"http:\/\/gradadigital.com\/home\/wp-json\/wp\/v2\/pages\/149"}],"wp:attachment":[{"href":"http:\/\/gradadigital.com\/home\/wp-json\/wp\/v2\/media?parent=152"}],"curies":[{"name":"wp","href":"https:\/\/api.w.org\/{rel}","templated":true}]}}