{"id":134,"date":"2013-05-07T06:05:43","date_gmt":"2013-05-07T06:05:43","guid":{"rendered":"http:\/\/gradadigital.com\/home\/?page_id=134"},"modified":"2016-01-31T11:38:04","modified_gmt":"2016-01-31T16:08:04","slug":"le","status":"publish","type":"page","link":"http:\/\/gradadigital.com\/home\/le\/","title":{"rendered":"Legionarios"},"content":{"rendered":"<p style=\"text-align: center;\"><img loading=\"lazy\" decoding=\"async\" class=\"alignnone size-full wp-image-24083\" src=\"http:\/\/gradadigital.com\/home\/wp-content\/uploads\/2013\/05\/TOP_LEGIONARIOS.png\" alt=\"TOP_LEGIONARIOS\" width=\"620\" height=\"198\" srcset=\"http:\/\/gradadigital.com\/home\/wp-content\/uploads\/2013\/05\/TOP_LEGIONARIOS.png 620w, http:\/\/gradadigital.com\/home\/wp-content\/uploads\/2013\/05\/TOP_LEGIONARIOS-300x96.png 300w\" sizes=\"auto, (max-width: 620px) 100vw, 620px\" \/><\/p>\n<p style=\"text-align: center;\"><em><strong>\u00ab<\/strong>Cada d\u00eda el Vinotinto se riega m\u00e1s\u00a0 por el continente con las actuaciones de los futbolistas venezolanos que hacen vida en diversos equipos del mundo. Si\u00e9ntete orgulloso y sigue la actuaci\u00f3n de cada hombre que mueve la esf\u00e9rica para dejar el nombre de Venezuela en alto<strong>\u00ab<\/strong>.<\/em><\/p>\n","protected":false},"excerpt":{"rendered":"<p>\u00abCada d\u00eda el Vinotinto se riega m\u00e1s\u00a0 por el continente con las actuaciones de los futbolistas venezolanos que hacen vida en diversos equipos del mundo. Si\u00e9ntete orgulloso y sigue la actuaci\u00f3n de cada hombre que mueve la esf\u00e9rica para dejar el nombre de Venezuela en alto\u00ab.<\/p>\n","protected":false},"author":1,"featured_media":0,"parent":0,"menu_order":0,"comment_status":"closed","ping_status":"closed","template":"template-blog.php","meta":{"footnotes":""},"class_list":["post-134","page","type-page","status-publish","hentry"],"_links":{"self":[{"href":"http:\/\/gradadigital.com\/home\/wp-json\/wp\/v2\/pages\/134","targetHints":{"allow":["GET"]}}],"collection":[{"href":"http:\/\/gradadigital.com\/home\/wp-json\/wp\/v2\/pages"}],"about":[{"href":"http:\/\/gradadigital.com\/home\/wp-json\/wp\/v2\/types\/page"}],"author":[{"embeddable":true,"href":"http:\/\/gradadigital.com\/home\/wp-json\/wp\/v2\/users\/1"}],"replies":[{"embeddable":true,"href":"http:\/\/gradadigital.com\/home\/wp-json\/wp\/v2\/comments?post=134"}],"version-history":[{"count":7,"href":"http:\/\/gradadigital.com\/home\/wp-json\/wp\/v2\/pages\/134\/revisions"}],"predecessor-version":[{"id":24098,"href":"http:\/\/gradadigital.com\/home\/wp-json\/wp\/v2\/pages\/134\/revisions\/24098"}],"wp:attachment":[{"href":"http:\/\/gradadigital.com\/home\/wp-json\/wp\/v2\/media?parent=134"}],"curies":[{"name":"wp","href":"https:\/\/api.w.org\/{rel}","templated":true}]}}