{"id":114,"date":"2013-05-07T06:02:14","date_gmt":"2013-05-07T06:02:14","guid":{"rendered":"http:\/\/gradadigital.com\/home\/?page_id=114"},"modified":"2016-01-31T01:18:24","modified_gmt":"2016-01-31T05:48:24","slug":"campeones-cv-1980-1995","status":"publish","type":"page","link":"http:\/\/gradadigital.com\/home\/futbol-nacional\/copa-venezuela\/campeones-cv-1980-1995\/","title":{"rendered":"Campeones (CV): 1980 &#8211; 1995"},"content":{"rendered":"<p style=\"text-align: center;\"><img decoding=\"async\" src=\"http:\/\/www.gradadigital.com\/tops_minipaginas\/top_banner_campeones_copavenezuela.png\" alt=\"\" border=\"0\" \/><\/p>\n<p style=\"text-align: center;\"><a href=\"http:\/\/gradadigital.com\/home\/futbol-nacional\/copa-venezuela\/campeones-cv-1959-1979\/\">1959-1979<\/a> | <a href=\"http:\/\/gradadigital.com\/home\/futbol-nacional\/copa-venezuela\/campeones-cv-1980-1995\/\">1980-1995<\/a> | <a href=\"http:\/\/gradadigital.com\/home\/futbol-nacional\/copa-venezuela\/campeones-cv-2007\/\">2007-&#8230;<\/a><\/p>\n<table border=\"0\" width=\"100%\" cellpadding=\"0\">\n<tbody>\n<tr>\n<td><img decoding=\"async\" class=\"aligncenter\" src=\"http:\/\/www.gradadigital.com\/campeones_GD\/atlzamora_gd.png\" alt=\"\" border=\"0\" \/><\/td>\n<td width=\"306\">\n<table border=\"0\" cellspacing=\"0\" cellpadding=\"0\">\n<tbody>\n<tr>\n<td valign=\"top\" width=\"150\">\n<p align=\"center\"><strong>1980<\/strong><\/p>\n<\/td>\n<td width=\"151\"><\/td>\n<\/tr>\n<tr>\n<td valign=\"top\" width=\"150\"><strong>Campe\u00f3n:<\/strong><\/td>\n<td valign=\"top\" width=\"151\">Atl\u00e9tico Zamora<\/td>\n<\/tr>\n<tr>\n<td valign=\"top\" width=\"150\"><strong>Subcampe\u00f3n:<\/strong><\/td>\n<td valign=\"top\" width=\"151\">Valencia FC<\/td>\n<\/tr>\n<\/tbody>\n<\/table>\n<\/td>\n<\/tr>\n<\/tbody>\n<\/table>\n<table border=\"0\" width=\"100%\" cellpadding=\"0\">\n<tbody>\n<tr>\n<td>\u00a0<img decoding=\"async\" class=\"aligncenter\" src=\"http:\/\/www.gradadigital.com\/campeones_GD\/depgalicia_2_gd.png\" alt=\"\" border=\"0\" \/><\/td>\n<td width=\"306\">\n<table border=\"0\" cellspacing=\"0\" cellpadding=\"0\">\n<tbody>\n<tr>\n<td valign=\"top\" width=\"150\">\n<p align=\"center\"><strong>1981<\/strong><\/p>\n<\/td>\n<td width=\"151\"><\/td>\n<\/tr>\n<tr>\n<td valign=\"top\" width=\"150\"><strong>Campe\u00f3n:<\/strong><\/td>\n<td valign=\"top\" width=\"151\">Deportivo Galicia<\/td>\n<\/tr>\n<tr>\n<td valign=\"top\" width=\"150\"><strong>Subcampe\u00f3n:<\/strong><\/td>\n<td valign=\"top\" width=\"151\">Deportivo T\u00e1chira<\/td>\n<\/tr>\n<\/tbody>\n<\/table>\n<\/td>\n<\/tr>\n<\/tbody>\n<\/table>\n<table border=\"0\" width=\"100%\" cellpadding=\"0\">\n<tbody>\n<tr>\n<td>\u00a0<img decoding=\"async\" class=\"aligncenter\" src=\"http:\/\/www.gradadigital.com\/campeones_GD\/deptachira_3_gd.png\" alt=\"\" \/><\/td>\n<td width=\"306\">\n<table border=\"0\" cellspacing=\"0\" cellpadding=\"0\">\n<tbody>\n<tr>\n<td valign=\"top\" width=\"150\">\n<p align=\"center\"><strong>1982<\/strong><\/p>\n<\/td>\n<td width=\"151\"><\/td>\n<\/tr>\n<tr>\n<td valign=\"top\" width=\"150\"><strong>Campe\u00f3n:<\/strong><\/td>\n<td valign=\"top\" width=\"151\">Deportivo T\u00e1chira<\/td>\n<\/tr>\n<tr>\n<td valign=\"top\" width=\"150\"><strong>Subcampe\u00f3n:<\/strong><\/td>\n<td valign=\"top\" width=\"151\">Atl\u00e9tico Zamora<\/td>\n<\/tr>\n<\/tbody>\n<\/table>\n<\/td>\n<\/tr>\n<\/tbody>\n<\/table>\n<table border=\"0\" width=\"100%\" cellpadding=\"0\">\n<tbody>\n<tr>\n<td><\/td>\n<td width=\"306\">\n<table border=\"0\" cellspacing=\"0\" cellpadding=\"0\">\n<tbody>\n<tr>\n<td valign=\"top\" width=\"150\">\n<p align=\"center\"><strong>1983-84<\/strong><\/p>\n<\/td>\n<td width=\"151\"><\/td>\n<\/tr>\n<tr>\n<td valign=\"top\" width=\"150\"><strong>Campe\u00f3n:<\/strong><\/td>\n<td valign=\"top\" width=\"151\"><\/td>\n<\/tr>\n<tr>\n<td valign=\"top\" width=\"150\"><strong>Subcampe\u00f3n:<\/strong><\/td>\n<td valign=\"top\" width=\"151\"><\/td>\n<\/tr>\n<\/tbody>\n<\/table>\n<\/td>\n<\/tr>\n<\/tbody>\n<\/table>\n<table border=\"0\" width=\"100%\" cellpadding=\"0\">\n<tbody>\n<tr>\n<td>\u00a0<img decoding=\"async\" class=\"aligncenter\" src=\"http:\/\/www.gradadigital.com\/campeones_GD\/mineros_gd.png\" alt=\"\" border=\"0\" \/><\/td>\n<td width=\"306\">\n<table border=\"0\" cellspacing=\"0\" cellpadding=\"0\">\n<tbody>\n<tr>\n<td valign=\"top\" width=\"150\">\n<p align=\"center\"><strong>1985<\/strong><\/p>\n<\/td>\n<td width=\"151\"><\/td>\n<\/tr>\n<tr>\n<td valign=\"top\" width=\"150\"><strong>Campe\u00f3n:<\/strong><\/td>\n<td valign=\"top\" width=\"151\">AC Mineros de Guayana<\/td>\n<\/tr>\n<tr>\n<td valign=\"top\" width=\"150\"><strong>Subcampe\u00f3n:<\/strong><\/td>\n<td valign=\"top\" width=\"151\">Deportivo T\u00e1chira<\/td>\n<\/tr>\n<\/tbody>\n<\/table>\n<\/td>\n<\/tr>\n<\/tbody>\n<\/table>\n<table border=\"0\" width=\"100%\" cellpadding=\"0\">\n<tbody>\n<tr>\n<td><\/td>\n<td width=\"306\"><\/td>\n<\/tr>\n<\/tbody>\n<\/table>\n<table border=\"0\" width=\"100%\" cellpadding=\"0\">\n<tbody>\n<tr>\n<td><\/td>\n<td width=\"306\">\n<table border=\"0\" cellspacing=\"0\" cellpadding=\"0\">\n<tbody>\n<tr>\n<td valign=\"top\" width=\"150\">\n<p align=\"center\"><strong>1986<\/strong><\/p>\n<\/td>\n<td width=\"151\"><\/td>\n<\/tr>\n<tr>\n<td valign=\"top\" width=\"150\"><strong>Campe\u00f3n:<\/strong><\/td>\n<td valign=\"top\" width=\"151\"><\/td>\n<\/tr>\n<tr>\n<td valign=\"top\" width=\"150\"><strong>Subcampe\u00f3n:<\/strong><\/td>\n<td valign=\"top\" width=\"151\"><\/td>\n<\/tr>\n<\/tbody>\n<\/table>\n<\/td>\n<\/tr>\n<\/tbody>\n<\/table>\n<table border=\"0\" width=\"100%\" cellpadding=\"0\">\n<tbody>\n<tr>\n<td>\u00a0<img decoding=\"async\" class=\"aligncenter\" src=\"http:\/\/www.gradadigital.com\/campeones_GD\/caracasfc_0_gd.png\" alt=\"\" border=\"0\" \/><\/td>\n<td width=\"306\">\n<table border=\"0\" cellspacing=\"0\" cellpadding=\"0\">\n<tbody>\n<tr>\n<td valign=\"top\" width=\"150\">\n<p align=\"center\"><strong>1987<\/strong><\/p>\n<\/td>\n<td width=\"151\"><\/td>\n<\/tr>\n<tr>\n<td valign=\"top\" width=\"150\"><strong>Campe\u00f3n:<\/strong><\/td>\n<td valign=\"top\" width=\"151\">Caracas FC<\/td>\n<\/tr>\n<tr>\n<td valign=\"top\" width=\"150\"><strong>Subcampe\u00f3n:<\/strong><\/td>\n<td valign=\"top\" width=\"151\">Mineros de Guayana<\/td>\n<\/tr>\n<\/tbody>\n<\/table>\n<\/td>\n<\/tr>\n<\/tbody>\n<\/table>\n<table border=\"0\" width=\"100%\" cellpadding=\"0\">\n<tbody>\n<tr>\n<td>\u00a0<img decoding=\"async\" class=\"aligncenter\" src=\"http:\/\/www.gradadigital.com\/campeones_GD\/maritimo_gd.png\" alt=\"\" border=\"0\" \/><\/td>\n<td width=\"306\">\n<table border=\"0\" cellspacing=\"0\" cellpadding=\"0\">\n<tbody>\n<tr>\n<td valign=\"top\" width=\"150\">\n<p align=\"center\"><strong>1988<\/strong><\/p>\n<\/td>\n<td width=\"151\"><\/td>\n<\/tr>\n<tr>\n<td valign=\"top\" width=\"150\"><strong>Campe\u00f3n:<\/strong><\/td>\n<td valign=\"top\" width=\"151\">CS Mar\u00edtimo<\/td>\n<\/tr>\n<tr>\n<td valign=\"top\" width=\"150\"><strong>Subcampe\u00f3n:<\/strong><\/td>\n<td valign=\"top\" width=\"151\">Estudiantes de M\u00e9rida<\/td>\n<\/tr>\n<\/tbody>\n<\/table>\n<\/td>\n<\/tr>\n<\/tbody>\n<\/table>\n<table border=\"0\" width=\"100%\" cellpadding=\"0\">\n<tbody>\n<tr>\n<td>\u00a0<img decoding=\"async\" class=\"aligncenter\" src=\"http:\/\/www.gradadigital.com\/campeones_GD\/maritimo_gd.png\" alt=\"\" border=\"0\" \/><\/td>\n<td width=\"306\">\n<table border=\"0\" cellspacing=\"0\" cellpadding=\"0\">\n<tbody>\n<tr>\n<td valign=\"top\" width=\"150\">\n<p align=\"center\"><strong>1989<\/strong><\/p>\n<\/td>\n<td width=\"151\"><\/td>\n<\/tr>\n<tr>\n<td valign=\"top\" width=\"150\"><strong>Campe\u00f3n:<\/strong><\/td>\n<td valign=\"top\" width=\"151\">CS Mar\u00edtimo<\/td>\n<\/tr>\n<tr>\n<td valign=\"top\" width=\"150\"><strong>Subcampe\u00f3n:<\/strong><\/td>\n<td valign=\"top\" width=\"151\"><\/td>\n<\/tr>\n<\/tbody>\n<\/table>\n<\/td>\n<\/tr>\n<\/tbody>\n<\/table>\n<table border=\"0\" width=\"100%\" cellpadding=\"0\">\n<tbody>\n<tr>\n<td>\u00a0<img decoding=\"async\" class=\"aligncenter\" src=\"http:\/\/www.gradadigital.com\/campeones_GD\/internacionalpuertolacruz_gd.png\" alt=\"\" border=\"0\" \/><\/td>\n<td width=\"306\">\n<table border=\"0\" cellspacing=\"0\" cellpadding=\"0\">\n<tbody>\n<tr>\n<td valign=\"top\" width=\"150\">\n<p align=\"center\"><strong>1990<\/strong><\/p>\n<\/td>\n<td width=\"151\"><\/td>\n<\/tr>\n<tr>\n<td valign=\"top\" width=\"150\"><strong>Campe\u00f3n:<\/strong><\/td>\n<td valign=\"top\" width=\"151\">Internacional Puerto la Cruz<\/td>\n<\/tr>\n<tr>\n<td valign=\"top\" width=\"150\"><strong>Subcampe\u00f3n:<\/strong><\/td>\n<td valign=\"top\" width=\"151\">Portuguesa FC<\/td>\n<\/tr>\n<\/tbody>\n<\/table>\n<\/td>\n<\/tr>\n<\/tbody>\n<\/table>\n<table border=\"0\" width=\"100%\" cellpadding=\"0\">\n<tbody>\n<tr>\n<td>\u00a0<img decoding=\"async\" class=\"aligncenter\" src=\"http:\/\/www.gradadigital.com\/campeones_GD\/anzoateguifc_gd.png\" alt=\"\" border=\"0\" \/><\/td>\n<td width=\"306\">\n<table border=\"0\" cellspacing=\"0\" cellpadding=\"0\">\n<tbody>\n<tr>\n<td valign=\"top\" width=\"150\">\n<p align=\"center\"><strong>1991<\/strong><\/p>\n<\/td>\n<td width=\"151\"><\/td>\n<\/tr>\n<tr>\n<td valign=\"top\" width=\"150\"><strong>Campe\u00f3n:<\/strong><\/td>\n<td valign=\"top\" width=\"151\">Anzo\u00e1tegui FC<\/td>\n<\/tr>\n<tr>\n<td valign=\"top\" width=\"150\"><strong>Subcampe\u00f3n:<\/strong><\/td>\n<td valign=\"top\" width=\"151\">Caracas FC<\/td>\n<\/tr>\n<\/tbody>\n<\/table>\n<\/td>\n<\/tr>\n<\/tbody>\n<\/table>\n<table border=\"0\" width=\"100%\" cellpadding=\"0\">\n<tbody>\n<tr>\n<td>\u00a0<img decoding=\"async\" class=\"aligncenter\" src=\"http:\/\/www.gradadigital.com\/campeones_GD\/trujillanos_1_gd.png\" alt=\"\" border=\"0\" \/><\/td>\n<td width=\"306\">\n<table border=\"0\" cellspacing=\"0\" cellpadding=\"0\">\n<tbody>\n<tr>\n<td valign=\"top\" width=\"150\">\n<p align=\"center\"><strong>1992<\/strong><\/p>\n<\/td>\n<td width=\"151\"><\/td>\n<\/tr>\n<tr>\n<td valign=\"top\" width=\"150\"><strong>Campe\u00f3n:<\/strong><\/td>\n<td valign=\"top\" width=\"151\">Trujillanos FC<\/td>\n<\/tr>\n<tr>\n<td valign=\"top\" width=\"150\"><strong>Subcampe\u00f3n:<\/strong><\/td>\n<td valign=\"top\" width=\"151\">Caracas FC<\/td>\n<\/tr>\n<\/tbody>\n<\/table>\n<\/td>\n<\/tr>\n<\/tbody>\n<\/table>\n<table border=\"0\" width=\"100%\" cellpadding=\"0\">\n<tbody>\n<tr>\n<td>\u00a0<img decoding=\"async\" class=\"aligncenter\" src=\"http:\/\/www.gradadigital.com\/campeones_GD\/caracasfc_1_gd.png\" alt=\"\" border=\"0\" \/><\/td>\n<td width=\"306\">\n<table border=\"0\" cellspacing=\"0\" cellpadding=\"0\">\n<tbody>\n<tr>\n<td valign=\"top\" width=\"150\">\n<p align=\"center\"><strong>1993<\/strong><\/p>\n<\/td>\n<td width=\"151\"><\/td>\n<\/tr>\n<tr>\n<td valign=\"top\" width=\"150\"><strong>Campe\u00f3n:<\/strong><\/td>\n<td valign=\"top\" width=\"151\">Caracas FC<\/td>\n<\/tr>\n<tr>\n<td valign=\"top\" width=\"150\"><strong>Subcampe\u00f3n:<\/strong><\/td>\n<td valign=\"top\" width=\"151\">Minerv\u00e9n<\/td>\n<\/tr>\n<\/tbody>\n<\/table>\n<\/td>\n<\/tr>\n<\/tbody>\n<\/table>\n<table border=\"0\" width=\"100%\" cellpadding=\"0\">\n<tbody>\n<tr>\n<td>\u00a0<img decoding=\"async\" class=\"aligncenter\" src=\"http:\/\/www.gradadigital.com\/campeones_GD\/caracasfc_1_gd.png\" alt=\"\" border=\"0\" \/><\/td>\n<td width=\"306\">\n<table border=\"0\" cellspacing=\"0\" cellpadding=\"0\">\n<tbody>\n<tr>\n<td valign=\"top\" width=\"150\">\n<p align=\"center\"><strong>1994<\/strong><\/p>\n<\/td>\n<td width=\"151\"><\/td>\n<\/tr>\n<tr>\n<td valign=\"top\" width=\"150\"><strong>Campe\u00f3n:<\/strong><\/td>\n<td valign=\"top\" width=\"151\">Caracas FC<\/td>\n<\/tr>\n<tr>\n<td valign=\"top\" width=\"150\"><strong>Subcampe\u00f3n:<\/strong><\/td>\n<td valign=\"top\" width=\"151\">Trujillanos FC<\/td>\n<\/tr>\n<\/tbody>\n<\/table>\n<\/td>\n<\/tr>\n<\/tbody>\n<\/table>\n<table border=\"0\" width=\"100%\" cellpadding=\"0\">\n<tbody>\n<tr>\n<td><img decoding=\"async\" class=\"aligncenter\" src=\"http:\/\/www.gradadigital.com\/campeones_GD\/ula_2_gd.png\" alt=\"\" border=\"0\" \/><\/td>\n<td width=\"306\">\n<table border=\"0\" cellspacing=\"0\" cellpadding=\"0\">\n<tbody>\n<tr>\n<td valign=\"top\" width=\"150\">\n<p align=\"center\"><strong>1995<\/strong><\/p>\n<\/td>\n<td width=\"151\"><\/td>\n<\/tr>\n<tr>\n<td valign=\"top\" width=\"150\"><strong>Campe\u00f3n:<\/strong><\/td>\n<td valign=\"top\" width=\"151\">ULA FC<\/td>\n<\/tr>\n<tr>\n<td valign=\"top\" width=\"150\"><strong>Subcampe\u00f3n:<\/strong><\/td>\n<td valign=\"top\" width=\"151\">Caracas FC<\/td>\n<\/tr>\n<\/tbody>\n<\/table>\n<\/td>\n<\/tr>\n<\/tbody>\n<\/table>\n<table border=\"0\" width=\"100%\" cellpadding=\"0\">\n<tbody>\n<tr>\n<td><\/td>\n<td width=\"306\">\n<table border=\"0\" cellspacing=\"0\" cellpadding=\"0\">\n<tbody>\n<tr>\n<td valign=\"top\" width=\"150\">\n<p align=\"center\"><strong>1996-2006<\/strong><\/p>\n<\/td>\n<td width=\"151\"><\/td>\n<\/tr>\n<tr>\n<td valign=\"top\" width=\"150\"><strong>Campe\u00f3n:<\/strong><\/td>\n<td valign=\"top\" width=\"151\"><\/td>\n<\/tr>\n<tr>\n<td valign=\"top\" width=\"150\"><strong>Subcampe\u00f3n:<\/strong><\/td>\n<td valign=\"top\" width=\"151\"><\/td>\n<\/tr>\n<\/tbody>\n<\/table>\n<\/td>\n<\/tr>\n<\/tbody>\n<\/table>\n","protected":false},"excerpt":{"rendered":"<p>1959-1979 | 1980-1995 | 2007-&#8230; 1980 Campe\u00f3n: Atl\u00e9tico Zamora Subcampe\u00f3n: Valencia FC \u00a0 1981 Campe\u00f3n: Deportivo Galicia Subcampe\u00f3n: Deportivo T\u00e1chira \u00a0 1982 Campe\u00f3n: Deportivo T\u00e1chira Subcampe\u00f3n: Atl\u00e9tico Zamora 1983-84 Campe\u00f3n: Subcampe\u00f3n: \u00a0 1985 Campe\u00f3n: AC Mineros de Guayana Subcampe\u00f3n: Deportivo T\u00e1chira 1986 Campe\u00f3n: Subcampe\u00f3n: \u00a0 1987 Campe\u00f3n: Caracas FC Subcampe\u00f3n: Mineros de Guayana \u00a0 1988 &#8230;<\/p>\n","protected":false},"author":1,"featured_media":0,"parent":110,"menu_order":0,"comment_status":"closed","ping_status":"closed","template":"","meta":{"footnotes":""},"class_list":["post-114","page","type-page","status-publish","hentry"],"_links":{"self":[{"href":"http:\/\/gradadigital.com\/home\/wp-json\/wp\/v2\/pages\/114","targetHints":{"allow":["GET"]}}],"collection":[{"href":"http:\/\/gradadigital.com\/home\/wp-json\/wp\/v2\/pages"}],"about":[{"href":"http:\/\/gradadigital.com\/home\/wp-json\/wp\/v2\/types\/page"}],"author":[{"embeddable":true,"href":"http:\/\/gradadigital.com\/home\/wp-json\/wp\/v2\/users\/1"}],"replies":[{"embeddable":true,"href":"http:\/\/gradadigital.com\/home\/wp-json\/wp\/v2\/comments?post=114"}],"version-history":[{"count":7,"href":"http:\/\/gradadigital.com\/home\/wp-json\/wp\/v2\/pages\/114\/revisions"}],"predecessor-version":[{"id":24076,"href":"http:\/\/gradadigital.com\/home\/wp-json\/wp\/v2\/pages\/114\/revisions\/24076"}],"up":[{"embeddable":true,"href":"http:\/\/gradadigital.com\/home\/wp-json\/wp\/v2\/pages\/110"}],"wp:attachment":[{"href":"http:\/\/gradadigital.com\/home\/wp-json\/wp\/v2\/media?parent=114"}],"curies":[{"name":"wp","href":"https:\/\/api.w.org\/{rel}","templated":true}]}}